{"id":382,"date":"2018-04-16T14:47:50","date_gmt":"2018-04-16T12:47:50","guid":{"rendered":"https:\/\/www.sarl-tradibat.com\/ar\/?post_type=product&#038;p=382"},"modified":"2018-04-16T14:47:50","modified_gmt":"2018-04-16T12:47:50","slug":"trendy-ix-a-90","status":"publish","type":"product","link":"https:\/\/www.sarl-tradibat.com\/ar\/produit\/trendy-ix-a-90\/","title":{"rendered":"TRENDY IX\/A\/90"},"content":{"rendered":"","protected":false},"excerpt":{"rendered":"<p>Largeur : 60 cm, 90 cm, 120 cm,<br \/>\nClasse \u00e9nerg\u00e9tique : r\u00e9,<br \/>\nSilence : 66db,<br \/>\nCapacit\u00e9 d&#8217;extraction : 603m\u00b3 \/ h,<br \/>\nTAILLE : 60 &#8211; 90 &#8211; 120 cm,<br \/>\nFINITIONS : Acier inoxydable,<br \/>\nVERSION : Duct,<br \/>\nCONTR\u00d4LES : 3s + b Commande tactile avec affichage,<br \/>\n\u00c9CLAIRAGE : Halo 2&#215;20 W, 3&#215;20 W (120 cm),<br \/>\nBOOST AIRFLOW : 603 m3 \/ h,<br \/>\nNIVEAU DE BRUIT MAX : 66 db (A),<br \/>\nABSORPTION TOTALE : 290 W, 310 W (120 cm),<br \/>\nTAILLE DU CONDUIT : 150 mm.<\/p>\n","protected":false},"featured_media":383,"template":"","meta":[],"product_cat":[26],"product_tag":[],"class_list":{"0":"post-382","1":"product","2":"type-product","3":"status-publish","4":"has-post-thumbnail","6":"product_cat-ellica","8":"first","9":"instock","10":"shipping-taxable","11":"purchasable","12":"product-type-simple"},"_links":{"self":[{"href":"https:\/\/www.sarl-tradibat.com\/ar\/wp-json\/wp\/v2\/product\/382"}],"collection":[{"href":"https:\/\/www.sarl-tradibat.com\/ar\/wp-json\/wp\/v2\/product"}],"about":[{"href":"https:\/\/www.sarl-tradibat.com\/ar\/wp-json\/wp\/v2\/types\/product"}],"wp:featuredmedia":[{"embeddable":true,"href":"https:\/\/www.sarl-tradibat.com\/ar\/wp-json\/wp\/v2\/media\/383"}],"wp:attachment":[{"href":"https:\/\/www.sarl-tradibat.com\/ar\/wp-json\/wp\/v2\/media?parent=382"}],"wp:term":[{"taxonomy":"product_cat","embeddable":true,"href":"https:\/\/www.sarl-tradibat.com\/ar\/wp-json\/wp\/v2\/product_cat?post=382"},{"taxonomy":"product_tag","embeddable":true,"href":"https:\/\/www.sarl-tradibat.com\/ar\/wp-json\/wp\/v2\/product_tag?post=382"}],"curies":[{"name":"wp","href":"https:\/\/api.w.org\/{rel}","templated":true}]}}